{"id":1699,"date":"2023-03-06T20:49:49","date_gmt":"2023-03-06T20:49:49","guid":{"rendered":"https:\/\/www.psychoterapiezlin.cz\/?page_id=1699"},"modified":"2026-01-27T16:50:09","modified_gmt":"2026-01-27T16:50:09","slug":"cenik","status":"publish","type":"page","link":"https:\/\/www.psychoterapiezlin.cz\/?page_id=1699","title":{"rendered":"Cen\u00edk"},"content":{"rendered":"\t\t<div data-elementor-type=\"wp-page\" data-elementor-id=\"1699\" class=\"elementor elementor-1699\">\n\t\t\t\t\t\t\t\t\t<section class=\"elementor-section elementor-top-section elementor-element elementor-element-a0ab32d elementor-section-boxed elementor-section-height-default elementor-section-height-default\" data-id=\"a0ab32d\" data-element_type=\"section\">\n\t\t\t\t\t\t<div class=\"elementor-container elementor-column-gap-default\">\n\t\t\t\t\t<div class=\"elementor-column elementor-col-100 elementor-top-column elementor-element elementor-element-7569229\" data-id=\"7569229\" data-element_type=\"column\">\n\t\t\t<div class=\"elementor-widget-wrap elementor-element-populated\">\n\t\t\t\t\t\t\t\t<div class=\"elementor-element elementor-element-6173006 elementor-hidden-desktop elementor-widget elementor-widget-spacer\" data-id=\"6173006\" data-element_type=\"widget\" data-widget_type=\"spacer.default\">\n\t\t\t\t<div class=\"elementor-widget-container\">\n\t\t\t<style>\/*! elementor - v3.11.2 - 22-02-2023 *\/\n.elementor-column .elementor-spacer-inner{height:var(--spacer-size)}.e-con{--container-widget-width:100%}.e-con-inner>.elementor-widget-spacer,.e-con>.elementor-widget-spacer{width:var(--container-widget-width,var(--spacer-size));--align-self:var(--container-widget-align-self,initial);--flex-shrink:0}.e-con-inner>.elementor-widget-spacer>.elementor-widget-container,.e-con-inner>.elementor-widget-spacer>.elementor-widget-container>.elementor-spacer,.e-con>.elementor-widget-spacer>.elementor-widget-container,.e-con>.elementor-widget-spacer>.elementor-widget-container>.elementor-spacer{height:100%}.e-con-inner>.elementor-widget-spacer>.elementor-widget-container>.elementor-spacer>.elementor-spacer-inner,.e-con>.elementor-widget-spacer>.elementor-widget-container>.elementor-spacer>.elementor-spacer-inner{height:var(--container-widget-height,var(--spacer-size))}<\/style>\t\t<div class=\"elementor-spacer\">\n\t\t\t<div class=\"elementor-spacer-inner\"><\/div>\n\t\t<\/div>\n\t\t\t\t<\/div>\n\t\t\t\t<\/div>\n\t\t\t\t\t<\/div>\n\t\t<\/div>\n\t\t\t\t\t\t\t<\/div>\n\t\t<\/section>\n\t\t\t\t<section class=\"elementor-section elementor-top-section elementor-element elementor-element-f49962e elementor-section-height-min-height elementor-section-boxed elementor-section-height-default elementor-section-items-middle\" data-id=\"f49962e\" data-element_type=\"section\">\n\t\t\t\t\t\t<div class=\"elementor-container elementor-column-gap-default\">\n\t\t\t\t\t<div class=\"elementor-column elementor-col-100 elementor-top-column elementor-element elementor-element-36841f1\" data-id=\"36841f1\" data-element_type=\"column\">\n\t\t\t<div class=\"elementor-widget-wrap elementor-element-populated\">\n\t\t\t\t\t\t\t\t<div class=\"elementor-element elementor-element-edb98b8 elementor-hidden-desktop elementor-widget elementor-widget-heading\" data-id=\"edb98b8\" data-element_type=\"widget\" data-widget_type=\"heading.default\">\n\t\t\t\t<div class=\"elementor-widget-container\">\n\t\t\t<style>\/*! elementor - v3.11.2 - 22-02-2023 *\/\n.elementor-heading-title{padding:0;margin:0;line-height:1}.elementor-widget-heading .elementor-heading-title[class*=elementor-size-]>a{color:inherit;font-size:inherit;line-height:inherit}.elementor-widget-heading .elementor-heading-title.elementor-size-small{font-size:15px}.elementor-widget-heading .elementor-heading-title.elementor-size-medium{font-size:19px}.elementor-widget-heading .elementor-heading-title.elementor-size-large{font-size:29px}.elementor-widget-heading .elementor-heading-title.elementor-size-xl{font-size:39px}.elementor-widget-heading .elementor-heading-title.elementor-size-xxl{font-size:59px}<\/style><h2 class=\"elementor-heading-title elementor-size-default\">Cen\u00edk slu\u017eeb<\/h2>\t\t<\/div>\n\t\t\t\t<\/div>\n\t\t\t\t<div class=\"elementor-element elementor-element-f62ae51 elementor-hidden-tablet elementor-hidden-mobile elementor-widget elementor-widget-heading\" data-id=\"f62ae51\" data-element_type=\"widget\" data-widget_type=\"heading.default\">\n\t\t\t\t<div class=\"elementor-widget-container\">\n\t\t\t<h2 class=\"elementor-heading-title elementor-size-default\">Cen\u00edk slu\u017eeb<\/h2>\t\t<\/div>\n\t\t\t\t<\/div>\n\t\t\t\t<div class=\"elementor-element elementor-element-eb54e12 elementor-widget elementor-widget-spacer\" data-id=\"eb54e12\" data-element_type=\"widget\" data-widget_type=\"spacer.default\">\n\t\t\t\t<div class=\"elementor-widget-container\">\n\t\t\t\t\t<div class=\"elementor-spacer\">\n\t\t\t<div class=\"elementor-spacer-inner\"><\/div>\n\t\t<\/div>\n\t\t\t\t<\/div>\n\t\t\t\t<\/div>\n\t\t\t\t<div class=\"elementor-element elementor-element-9ff56d0 elementor-widget elementor-widget-text-editor\" data-id=\"9ff56d0\" data-element_type=\"widget\" data-widget_type=\"text-editor.default\">\n\t\t\t\t<div class=\"elementor-widget-container\">\n\t\t\t<style>\/*! elementor - v3.11.2 - 22-02-2023 *\/\n.elementor-widget-text-editor.elementor-drop-cap-view-stacked .elementor-drop-cap{background-color:#818a91;color:#fff}.elementor-widget-text-editor.elementor-drop-cap-view-framed .elementor-drop-cap{color:#818a91;border:3px solid;background-color:transparent}.elementor-widget-text-editor:not(.elementor-drop-cap-view-default) .elementor-drop-cap{margin-top:8px}.elementor-widget-text-editor:not(.elementor-drop-cap-view-default) .elementor-drop-cap-letter{width:1em;height:1em}.elementor-widget-text-editor .elementor-drop-cap{float:left;text-align:center;line-height:1;font-size:50px}.elementor-widget-text-editor .elementor-drop-cap-letter{display:inline-block}<\/style>\t\t\t\t<div>\n<p><strong>Cena za sezen\u00ed \/ 50 minut<\/strong><\/p>\n<p><strong>&nbsp;1 300 K\u010d<\/strong><br><strong>Sezen\u00ed pro klienty ve finan\u010dn\u011b znev\u00fdhodn\u011bn\u00e9 situaci \/ cena dohodou<\/strong><\/p>\n<p>Sezen\u00ed je mo\u017en\u00e9 p\u0159elo\u017eit nebo zru\u0161it nejm\u00e9n\u011b 24 hodin p\u0159edem, jinak v\u00e1m bude \u00fa\u010dtov\u00e1no. D\u011bkuji za pochopen\u00ed.<\/p><\/div>\t\t\t\t\t\t<\/div>\n\t\t\t\t<\/div>\n\t\t\t\t<div class=\"elementor-element elementor-element-bde47bb elementor-widget elementor-widget-text-editor\" data-id=\"bde47bb\" data-element_type=\"widget\" data-widget_type=\"text-editor.default\">\n\t\t\t\t<div class=\"elementor-widget-container\">\n\t\t\t\t\t\t\t<p>Cena zahrnuje nejen konzultaci, ale tak\u00e9 \u010das str\u00e1ven\u00fd administrativou, p\u0159\u00edpravou a d\u00e1le n\u00e1klady na m\u00e9 supervize a celo\u017eivotn\u00ed vzd\u011bl\u00e1v\u00e1n\u00ed.<\/p><p>Jsem zapojena do programu VZP- zv\u00fd\u0161en\u00ed dostupnosti psychosoci\u00e1ln\u00ed podpory.<\/p><p>V r\u00e1mci programu p\u00e9\u010de o du\u0161evn\u00ed zdrav\u00ed lze z\u00edskat p\u0159\u00edsp\u011bvek a\u017e 5 000 K\u010d na 10 sezen\u00ed.<\/p>\t\t\t\t\t\t<\/div>\n\t\t\t\t<\/div>\n\t\t\t\t<div class=\"elementor-element elementor-element-f57d8f5 elementor-widget elementor-widget-text-editor\" data-id=\"f57d8f5\" data-element_type=\"widget\" data-widget_type=\"text-editor.default\">\n\t\t\t\t<div class=\"elementor-widget-container\">\n\t\t\t\t\t\t\t<p>Podporu tak\u00e9 nab\u00edz\u00ed poji\u0161\u0165ovny \u010cPZP (205), ZPMV (211), ZP \u0160KODA (209).<\/p>\n<p>V\u00edce informac\u00ed u sv\u00fdch poji\u0161\u0165oven.<\/p>\n<p><\/p>\t\t\t\t\t\t<\/div>\n\t\t\t\t<\/div>\n\t\t\t\t<div class=\"elementor-element elementor-element-5b58008 elementor-widget elementor-widget-spacer\" data-id=\"5b58008\" data-element_type=\"widget\" data-widget_type=\"spacer.default\">\n\t\t\t\t<div class=\"elementor-widget-container\">\n\t\t\t\t\t<div class=\"elementor-spacer\">\n\t\t\t<div class=\"elementor-spacer-inner\"><\/div>\n\t\t<\/div>\n\t\t\t\t<\/div>\n\t\t\t\t<\/div>\n\t\t\t\t<div class=\"elementor-element elementor-element-fda730e elementor-button-info elementor-align-center elementor-mobile-align-center elementor-widget elementor-widget-button\" data-id=\"fda730e\" data-element_type=\"widget\" data-widget_type=\"button.default\">\n\t\t\t\t<div class=\"elementor-widget-container\">\n\t\t\t\t\t<div class=\"elementor-button-wrapper\">\n\t\t\t<a href=\"https:\/\/www.psychoterapiezlin.cz\/?page_id=1583\" class=\"elementor-button-link elementor-button elementor-size-sm\" role=\"button\">\n\t\t\t\t\t\t<span class=\"elementor-button-content-wrapper\">\n\t\t\t\t\t\t<span class=\"elementor-button-text\">Rezervovat sezen\u00ed<\/span>\n\t\t<\/span>\n\t\t\t\t\t<\/a>\n\t\t<\/div>\n\t\t\t\t<\/div>\n\t\t\t\t<\/div>\n\t\t\t\t<div class=\"elementor-element elementor-element-def3f5b elementor-widget elementor-widget-image\" data-id=\"def3f5b\" data-element_type=\"widget\" data-widget_type=\"image.default\">\n\t\t\t\t<div class=\"elementor-widget-container\">\n\t\t\t<style>\/*! elementor - v3.11.2 - 22-02-2023 *\/\n.elementor-widget-image{text-align:center}.elementor-widget-image a{display:inline-block}.elementor-widget-image a img[src$=\".svg\"]{width:48px}.elementor-widget-image img{vertical-align:middle;display:inline-block}<\/style>\t\t\t\t\t\t\t\t\t\t\t\t<img loading=\"lazy\" decoding=\"async\" width=\"300\" height=\"300\" src=\"https:\/\/www.psychoterapiezlin.cz\/wp-content\/uploads\/2023\/03\/CAP_odznak_radna_F_web-300x300.png\" class=\"attachment-medium size-medium wp-image-2000\" alt=\"\" srcset=\"https:\/\/www.psychoterapiezlin.cz\/wp-content\/uploads\/2023\/03\/CAP_odznak_radna_F_web-300x300.png 300w, https:\/\/www.psychoterapiezlin.cz\/wp-content\/uploads\/2023\/03\/CAP_odznak_radna_F_web-150x150.png 150w, https:\/\/www.psychoterapiezlin.cz\/wp-content\/uploads\/2023\/03\/CAP_odznak_radna_F_web.png 500w\" sizes=\"auto, (max-width: 300px) 100vw, 300px\" \/>\t\t\t\t\t\t\t\t\t\t\t\t\t\t\t<\/div>\n\t\t\t\t<\/div>\n\t\t\t\t<div class=\"elementor-element elementor-element-de43446 elementor-widget elementor-widget-text-editor\" data-id=\"de43446\" data-element_type=\"widget\" data-widget_type=\"text-editor.default\">\n\t\t\t\t<div class=\"elementor-widget-container\">\n\t\t\t\t\t\t\t\t\t\t\t\t\t<\/div>\n\t\t\t\t<\/div>\n\t\t\t\t\t<\/div>\n\t\t<\/div>\n\t\t\t\t\t\t\t<\/div>\n\t\t<\/section>\n\t\t\t\t<section class=\"elementor-section elementor-top-section elementor-element elementor-element-2288e1d elementor-section-boxed elementor-section-height-default elementor-section-height-default\" data-id=\"2288e1d\" data-element_type=\"section\" data-settings=\"{&quot;background_background&quot;:&quot;classic&quot;}\">\n\t\t\t\t\t\t<div class=\"elementor-container elementor-column-gap-default\">\n\t\t\t\t\t<div class=\"elementor-column elementor-col-33 elementor-top-column elementor-element elementor-element-40601ff\" data-id=\"40601ff\" data-element_type=\"column\">\n\t\t\t<div class=\"elementor-widget-wrap\">\n\t\t\t\t\t\t\t\t\t<\/div>\n\t\t<\/div>\n\t\t\t\t<div class=\"elementor-column elementor-col-33 elementor-top-column elementor-element elementor-element-efe9431\" data-id=\"efe9431\" data-element_type=\"column\">\n\t\t\t<div class=\"elementor-widget-wrap elementor-element-populated\">\n\t\t\t\t\t\t\t\t<div class=\"elementor-element elementor-element-64b27f9 elementor-widget elementor-widget-image\" data-id=\"64b27f9\" data-element_type=\"widget\" data-widget_type=\"image.default\">\n\t\t\t\t<div class=\"elementor-widget-container\">\n\t\t\t\t\t\t\t\t\t\t\t\t\t\t\t<img decoding=\"async\" src=\"https:\/\/www.psychoterapiezlin.cz\/wp-content\/uploads\/2021\/11\/quotes.svg\" class=\"attachment-full size-full wp-image-117\" alt=\"\" \/>\t\t\t\t\t\t\t\t\t\t\t\t\t\t\t<\/div>\n\t\t\t\t<\/div>\n\t\t\t\t<div class=\"elementor-element elementor-element-9eb4402 elementor-widget elementor-widget-heading\" data-id=\"9eb4402\" data-element_type=\"widget\" data-widget_type=\"heading.default\">\n\t\t\t\t<div class=\"elementor-widget-container\">\n\t\t\t<h4 class=\"elementor-heading-title elementor-size-default\">Pro\u017e\u00edv\u00e1n\u00ed emoc\u00ed nen\u00ed slabost. Je to p\u0159irozen\u00e1 reakce na \u017eivotn\u00ed ud\u00e1losti.<\/h4>\t\t<\/div>\n\t\t\t\t<\/div>\n\t\t\t\t<div class=\"elementor-element elementor-element-3f6e1ff elementor-widget elementor-widget-text-editor\" data-id=\"3f6e1ff\" data-element_type=\"widget\" data-widget_type=\"text-editor.default\">\n\t\t\t\t<div class=\"elementor-widget-container\">\n\t\t\t\t\t\t\t<p>V. Satirova<\/p>\t\t\t\t\t\t<\/div>\n\t\t\t\t<\/div>\n\t\t\t\t\t<\/div>\n\t\t<\/div>\n\t\t\t\t<div class=\"elementor-column elementor-col-33 elementor-top-column elementor-element elementor-element-2dc1c89\" data-id=\"2dc1c89\" data-element_type=\"column\">\n\t\t\t<div class=\"elementor-widget-wrap\">\n\t\t\t\t\t\t\t\t\t<\/div>\n\t\t<\/div>\n\t\t\t\t\t\t\t<\/div>\n\t\t<\/section>\n\t\t\t\t<section class=\"elementor-section elementor-top-section elementor-element elementor-element-2728e9c elementor-section-boxed elementor-section-height-default elementor-section-height-default\" data-id=\"2728e9c\" data-element_type=\"section\">\n\t\t\t\t\t\t<div class=\"elementor-container elementor-column-gap-default\">\n\t\t\t\t\t<div class=\"elementor-column elementor-col-100 elementor-top-column elementor-element elementor-element-3ad9b33\" data-id=\"3ad9b33\" data-element_type=\"column\">\n\t\t\t<div class=\"elementor-widget-wrap elementor-element-populated\">\n\t\t\t\t\t\t\t\t<div class=\"elementor-element elementor-element-4e58382 elementor-widget elementor-widget-spacer\" data-id=\"4e58382\" data-element_type=\"widget\" data-widget_type=\"spacer.default\">\n\t\t\t\t<div class=\"elementor-widget-container\">\n\t\t\t\t\t<div class=\"elementor-spacer\">\n\t\t\t<div class=\"elementor-spacer-inner\"><\/div>\n\t\t<\/div>\n\t\t\t\t<\/div>\n\t\t\t\t<\/div>\n\t\t\t\t\t<\/div>\n\t\t<\/div>\n\t\t\t\t\t\t\t<\/div>\n\t\t<\/section>\n\t\t\t\t\t\t\t<\/div>\n\t\t","protected":false},"excerpt":{"rendered":"<p>Cen\u00edk slu\u017eeb Cen\u00edk slu\u017eeb Cena za sezen\u00ed \/ 50 minut &nbsp;1 300 K\u010dSezen\u00ed pro klienty ve finan\u010dn\u011b znev\u00fdhodn\u011bn\u00e9 situaci \/ cena dohodou Sezen\u00ed je mo\u017en\u00e9 p\u0159elo\u017eit nebo zru\u0161it nejm\u00e9n\u011b 24 hodin p\u0159edem, jinak v\u00e1m bude \u00fa\u010dtov\u00e1no. D\u011bkuji za pochopen\u00ed. Cena zahrnuje nejen konzultaci, ale tak\u00e9 \u010das str\u00e1ven\u00fd administrativou, p\u0159\u00edpravou a d\u00e1le n\u00e1klady na m\u00e9 supervize &hellip;<\/p>\n<p class=\"read-more\"> <a class=\"\" href=\"https:\/\/www.psychoterapiezlin.cz\/?page_id=1699\"> <span class=\"screen-reader-text\">Cen\u00edk<\/span> Pokra\u010dovat ve \u010dten\u00ed &raquo;<\/a><\/p>\n","protected":false},"author":1,"featured_media":0,"parent":0,"menu_order":0,"comment_status":"closed","ping_status":"closed","template":"","meta":{"site-sidebar-layout":"no-sidebar","site-content-layout":"page-builder","ast-global-header-display":"","ast-main-header-display":"","ast-hfb-above-header-display":"","ast-hfb-below-header-display":"","ast-hfb-mobile-header-display":"","site-post-title":"disabled","ast-breadcrumbs-content":"","ast-featured-img":"disabled","footer-sml-layout":"","theme-transparent-header-meta":"default","adv-header-id-meta":"","stick-header-meta":"","header-above-stick-meta":"","header-main-stick-meta":"","header-below-stick-meta":"","footnotes":""},"class_list":["post-1699","page","type-page","status-publish","hentry"],"_links":{"self":[{"href":"https:\/\/www.psychoterapiezlin.cz\/index.php?rest_route=\/wp\/v2\/pages\/1699","targetHints":{"allow":["GET"]}}],"collection":[{"href":"https:\/\/www.psychoterapiezlin.cz\/index.php?rest_route=\/wp\/v2\/pages"}],"about":[{"href":"https:\/\/www.psychoterapiezlin.cz\/index.php?rest_route=\/wp\/v2\/types\/page"}],"author":[{"embeddable":true,"href":"https:\/\/www.psychoterapiezlin.cz\/index.php?rest_route=\/wp\/v2\/users\/1"}],"replies":[{"embeddable":true,"href":"https:\/\/www.psychoterapiezlin.cz\/index.php?rest_route=%2Fwp%2Fv2%2Fcomments&post=1699"}],"version-history":[{"count":82,"href":"https:\/\/www.psychoterapiezlin.cz\/index.php?rest_route=\/wp\/v2\/pages\/1699\/revisions"}],"predecessor-version":[{"id":2478,"href":"https:\/\/www.psychoterapiezlin.cz\/index.php?rest_route=\/wp\/v2\/pages\/1699\/revisions\/2478"}],"wp:attachment":[{"href":"https:\/\/www.psychoterapiezlin.cz\/index.php?rest_route=%2Fwp%2Fv2%2Fmedia&parent=1699"}],"curies":[{"name":"wp","href":"https:\/\/api.w.org\/{rel}","templated":true}]}}